{"id":10,"date":"2023-05-10T18:06:28","date_gmt":"2023-05-10T18:06:28","guid":{"rendered":"https:\/\/naturgut-hoevel.de\/?page_id=10"},"modified":"2023-07-26T10:33:10","modified_gmt":"2023-07-26T10:33:10","slug":"ueber-uns","status":"publish","type":"page","link":"https:\/\/naturgut-hoevel.de\/?page_id=10","title":{"rendered":"\u00dcber uns"},"content":{"rendered":"\n<p>Wir sind ein junges, engagiertes und handwerklich begabtes Team, welches jeden Tag gerne neue Projekte in Angriff nimmt und Verbesserungen an unserem Naturgut H\u00f6vel schafft. Wir streben das Ziel einer harmonischen und artgerechten Pferdehaltung an. Uns liegt das Wohl der Tiere am Herzen, egal ob Pferd, Huhn oder sonstigem Vierbeiner. Alle sollen sich bei uns wohlf\u00fchlen.<\/p>\n\n\n\n<div class=\"wp-block-columns is-layout-flex wp-container-3\">\n<div class=\"wp-block-column is-layout-flow\">\n<div class=\"wp-block-cover aligncenter\"><span aria-hidden=\"true\" class=\"wp-block-cover__background has-background-dim\"><\/span><img decoding=\"async\" loading=\"lazy\" width=\"2157\" height=\"1436\" class=\"wp-block-cover__image-background wp-image-163\" alt=\"\" src=\"https:\/\/naturgut-hoevel.de\/wp-content\/uploads\/2023\/05\/DSC05916-1-edited.jpg\" data-object-fit=\"cover\" srcset=\"https:\/\/naturgut-hoevel.de\/wp-content\/uploads\/2023\/05\/DSC05916-1-edited.jpg 2157w, https:\/\/naturgut-hoevel.de\/wp-content\/uploads\/2023\/05\/DSC05916-1-edited-300x200.jpg 300w, https:\/\/naturgut-hoevel.de\/wp-content\/uploads\/2023\/05\/DSC05916-1-edited-1024x682.jpg 1024w, https:\/\/naturgut-hoevel.de\/wp-content\/uploads\/2023\/05\/DSC05916-1-edited-768x511.jpg 768w, https:\/\/naturgut-hoevel.de\/wp-content\/uploads\/2023\/05\/DSC05916-1-edited-1536x1023.jpg 1536w, https:\/\/naturgut-hoevel.de\/wp-content\/uploads\/2023\/05\/DSC05916-1-edited-2048x1363.jpg 2048w\" sizes=\"(max-width: 767px) 89vw, (max-width: 1000px) 54vw, (max-width: 1071px) 543px, 580px\" \/><div class=\"wp-block-cover__inner-container\">\n<p class=\"has-text-align-center has-large-font-size\"><\/p>\n\n\n\n<p><\/p>\n\n\n\n<p>Marcel, als gelernter Industriemechaniker, \u00fcbernimmt die Maschinenarbeit und erledigt die meisten landwirtschaftlichen T\u00e4tigkeiten.<\/p>\n<\/div><\/div>\n<\/div>\n\n\n\n<div class=\"wp-block-column is-layout-flow\">\n<div class=\"wp-block-cover is-light\"><span aria-hidden=\"true\" class=\"wp-block-cover__background has-background-dim\"><\/span><img decoding=\"async\" loading=\"lazy\" width=\"2560\" height=\"1704\" class=\"wp-block-cover__image-background wp-image-158\" alt=\"\" src=\"https:\/\/naturgut-hoevel.de\/wp-content\/uploads\/2023\/05\/DSC05882-1-edited-scaled.jpg\" data-object-fit=\"cover\" srcset=\"https:\/\/naturgut-hoevel.de\/wp-content\/uploads\/2023\/05\/DSC05882-1-edited-scaled.jpg 2560w, https:\/\/naturgut-hoevel.de\/wp-content\/uploads\/2023\/05\/DSC05882-1-edited-300x200.jpg 300w, https:\/\/naturgut-hoevel.de\/wp-content\/uploads\/2023\/05\/DSC05882-1-edited-1024x682.jpg 1024w, https:\/\/naturgut-hoevel.de\/wp-content\/uploads\/2023\/05\/DSC05882-1-edited-768x511.jpg 768w, https:\/\/naturgut-hoevel.de\/wp-content\/uploads\/2023\/05\/DSC05882-1-edited-1536x1022.jpg 1536w, https:\/\/naturgut-hoevel.de\/wp-content\/uploads\/2023\/05\/DSC05882-1-edited-2048x1363.jpg 2048w\" sizes=\"(max-width: 767px) 89vw, (max-width: 1000px) 54vw, (max-width: 1071px) 543px, 580px\" \/><div class=\"wp-block-cover__inner-container\">\n<p class=\"has-text-align-center has-large-font-size\"><\/p>\n\n\n\n<p><\/p>\n\n\n\n<p><mark style=\"background-color:rgba(0, 0, 0, 0)\" class=\"has-inline-color has-white-color\">Deike, als gelernte Landschaftsg\u00e4rtnerin und Agrarwirtschaftsstudentin, setzt Bauma\u00dfnahmen in die Tat um und \u00fcbernimmt Pflege- und Servicearbeiten.<\/mark><\/p>\n<\/div><\/div>\n<\/div>\n<\/div>\n\n\n\n<p> <\/p>\n\n\n\n<p>Uns beide verbindet das Interesse an der Landwirtschaft, der Natur und den Tieren. Wir beide konnten durch das Pflegen und Arbeiten mit Pferden, langj\u00e4hrigen Reitunterricht und auch Weiterbildungen einiges an Erfahrung im Umgang mit Pferden sammeln.<\/p>\n","protected":false},"excerpt":{"rendered":"<p>Wir sind ein junges, engagiertes und handwerklich begabtes Team, welches jeden Tag gerne neue Projekte in Angriff nimmt und Verbesserungen an unserem Naturgut H\u00f6vel schafft. Wir streben das Ziel einer harmonischen und artgerechten Pferdehaltung an. Uns liegt das Wohl der Tiere am Herzen, egal ob Pferd, Huhn oder sonstigem Vierbeiner. Alle sollen sich bei uns &hellip; <\/p>\n<p class=\"link-more\"><a href=\"https:\/\/naturgut-hoevel.de\/?page_id=10\" class=\"more-link\"><span class=\"screen-reader-text\">\u201e\u00dcber uns\u201c<\/span> weiterlesen<\/a><\/p>\n","protected":false},"author":1,"featured_media":124,"parent":0,"menu_order":0,"comment_status":"closed","ping_status":"closed","template":"","meta":[],"_links":{"self":[{"href":"https:\/\/naturgut-hoevel.de\/index.php?rest_route=\/wp\/v2\/pages\/10"}],"collection":[{"href":"https:\/\/naturgut-hoevel.de\/index.php?rest_route=\/wp\/v2\/pages"}],"about":[{"href":"https:\/\/naturgut-hoevel.de\/index.php?rest_route=\/wp\/v2\/types\/page"}],"author":[{"embeddable":true,"href":"https:\/\/naturgut-hoevel.de\/index.php?rest_route=\/wp\/v2\/users\/1"}],"replies":[{"embeddable":true,"href":"https:\/\/naturgut-hoevel.de\/index.php?rest_route=%2Fwp%2Fv2%2Fcomments&post=10"}],"version-history":[{"count":12,"href":"https:\/\/naturgut-hoevel.de\/index.php?rest_route=\/wp\/v2\/pages\/10\/revisions"}],"predecessor-version":[{"id":238,"href":"https:\/\/naturgut-hoevel.de\/index.php?rest_route=\/wp\/v2\/pages\/10\/revisions\/238"}],"wp:featuredmedia":[{"embeddable":true,"href":"https:\/\/naturgut-hoevel.de\/index.php?rest_route=\/wp\/v2\/media\/124"}],"wp:attachment":[{"href":"https:\/\/naturgut-hoevel.de\/index.php?rest_route=%2Fwp%2Fv2%2Fmedia&parent=10"}],"curies":[{"name":"wp","href":"https:\/\/api.w.org\/{rel}","templated":true}]}}