{"id":195,"date":"2023-06-04T16:45:10","date_gmt":"2023-06-04T16:45:10","guid":{"rendered":"https:\/\/naturgut-hoevel.de\/?page_id=195"},"modified":"2023-07-26T10:33:54","modified_gmt":"2023-07-26T10:33:54","slug":"huehnerparadies","status":"publish","type":"page","link":"https:\/\/naturgut-hoevel.de\/?page_id=195","title":{"rendered":"H\u00fchnerparadies"},"content":{"rendered":"\n<figure class=\"wp-block-gallery has-nested-images columns-default is-cropped wp-block-gallery-1 is-layout-flex\">\n<figure class=\"wp-block-image size-large\"><img decoding=\"async\" loading=\"lazy\" width=\"1024\" height=\"684\" data-id=\"201\"  src=\"https:\/\/naturgut-hoevel.de\/wp-content\/uploads\/2023\/06\/MBBW8997-2-1024x684.jpg\" alt=\"\" class=\"wp-image-201\" srcset=\"https:\/\/naturgut-hoevel.de\/wp-content\/uploads\/2023\/06\/MBBW8997-2-1024x684.jpg 1024w, https:\/\/naturgut-hoevel.de\/wp-content\/uploads\/2023\/06\/MBBW8997-2-300x200.jpg 300w, https:\/\/naturgut-hoevel.de\/wp-content\/uploads\/2023\/06\/MBBW8997-2-768x513.jpg 768w, https:\/\/naturgut-hoevel.de\/wp-content\/uploads\/2023\/06\/MBBW8997-2-1536x1025.jpg 1536w, https:\/\/naturgut-hoevel.de\/wp-content\/uploads\/2023\/06\/MBBW8997-2.jpg 1600w\" sizes=\"(max-width: 767px) 89vw, (max-width: 1000px) 54vw, (max-width: 1071px) 543px, 580px\" \/><figcaption class=\"wp-element-caption\">Unsere H\u00fchner<\/figcaption><\/figure>\n\n\n\n<figure class=\"wp-block-image size-large\"><img decoding=\"async\" loading=\"lazy\" width=\"1024\" height=\"682\" data-id=\"202\"  src=\"https:\/\/naturgut-hoevel.de\/wp-content\/uploads\/2023\/06\/DSC05252-1024x682.jpg\" alt=\"\" class=\"wp-image-202\" srcset=\"https:\/\/naturgut-hoevel.de\/wp-content\/uploads\/2023\/06\/DSC05252-1024x682.jpg 1024w, https:\/\/naturgut-hoevel.de\/wp-content\/uploads\/2023\/06\/DSC05252-300x200.jpg 300w, https:\/\/naturgut-hoevel.de\/wp-content\/uploads\/2023\/06\/DSC05252-768x511.jpg 768w, https:\/\/naturgut-hoevel.de\/wp-content\/uploads\/2023\/06\/DSC05252-1536x1022.jpg 1536w, https:\/\/naturgut-hoevel.de\/wp-content\/uploads\/2023\/06\/DSC05252-2048x1363.jpg 2048w\" sizes=\"(max-width: 767px) 89vw, (max-width: 1000px) 54vw, (max-width: 1071px) 543px, 580px\" \/><figcaption class=\"wp-element-caption\">Snacktime<\/figcaption><\/figure>\n\n\n\n<figure class=\"wp-block-image size-large\"><img decoding=\"async\" loading=\"lazy\" width=\"1024\" height=\"682\" data-id=\"200\"  src=\"https:\/\/naturgut-hoevel.de\/wp-content\/uploads\/2023\/06\/DSC05260-1024x682.jpg\" alt=\"\" class=\"wp-image-200\" srcset=\"https:\/\/naturgut-hoevel.de\/wp-content\/uploads\/2023\/06\/DSC05260-1024x682.jpg 1024w, https:\/\/naturgut-hoevel.de\/wp-content\/uploads\/2023\/06\/DSC05260-300x200.jpg 300w, https:\/\/naturgut-hoevel.de\/wp-content\/uploads\/2023\/06\/DSC05260-768x511.jpg 768w, https:\/\/naturgut-hoevel.de\/wp-content\/uploads\/2023\/06\/DSC05260-1536x1022.jpg 1536w, https:\/\/naturgut-hoevel.de\/wp-content\/uploads\/2023\/06\/DSC05260-2048x1363.jpg 2048w\" sizes=\"(max-width: 767px) 89vw, (max-width: 1000px) 54vw, (max-width: 1071px) 543px, 580px\" \/><figcaption class=\"wp-element-caption\">Pinoccio: unser Hahn<\/figcaption><\/figure>\n<\/figure>\n\n\n\n<div class=\"wp-block-columns is-layout-flex wp-container-5\">\n<div class=\"wp-block-column is-layout-flow\"><\/div>\n\n\n\n<div class=\"wp-block-column is-layout-flow\"><\/div>\n<\/div>\n\n\n\n<p>Hallo und willkommen beim H\u00f6veler H\u00fchnerhort von uns Hennen und H\u00e4hnen.<\/p>\n\n\n\n<p>Hier haben eine Vielzahl von uns H\u00fchnern  ein Zuhause. Wir sind eine bunt gemixte Truppe und geh\u00f6ren verschiedener H\u00fchnerrassen an. (Marans, Schwedisches Blumenhuhn, Italiener, Cream Legbar, Araucana, Sussex, Sperber)<br>Da das Tierwohl beim Naturgut H\u00f6vel ganz oben steht,  leben wir Hennen und H\u00e4hne in einem kleinen Paradies  mit viel Auslauf, Beerenstr\u00e4uchern, Wiese, Scharrbereich und Komposthaufen.<br>Daf\u00fcr bedanken wir H\u00fchner uns mit vielen unterschiedlich farbigen Eiern, welche zeitnah auch zum Verkauf angeboten werden.<br>Was will man mehr: Ein buntes Sonntags-Fr\u00fchst\u00fcck-Ei von uns gl\u00fccklichen H\u00fchnern.<\/p>\n\n\n\n<p>Liebe Gr\u00fc\u00dfe, die Logebacher Legehennen<\/p>\n\n\n\n<figure class=\"wp-block-gallery has-nested-images columns-default is-cropped wp-block-gallery-6 is-layout-flex\">\n<figure class=\"wp-block-image size-large\"><img decoding=\"async\" loading=\"lazy\" width=\"768\" height=\"1024\" data-id=\"211\"  src=\"https:\/\/naturgut-hoevel.de\/wp-content\/uploads\/2023\/06\/IMG_9689-eier-768x1024.jpg\" alt=\"\" class=\"wp-image-211\" srcset=\"https:\/\/naturgut-hoevel.de\/wp-content\/uploads\/2023\/06\/IMG_9689-eier-768x1024.jpg 768w, https:\/\/naturgut-hoevel.de\/wp-content\/uploads\/2023\/06\/IMG_9689-eier-225x300.jpg 225w, https:\/\/naturgut-hoevel.de\/wp-content\/uploads\/2023\/06\/IMG_9689-eier-1152x1536.jpg 1152w, https:\/\/naturgut-hoevel.de\/wp-content\/uploads\/2023\/06\/IMG_9689-eier-1536x2048.jpg 1536w, https:\/\/naturgut-hoevel.de\/wp-content\/uploads\/2023\/06\/IMG_9689-eier-scaled.jpg 1920w\" sizes=\"(max-width: 767px) 89vw, (max-width: 1000px) 54vw, (max-width: 1071px) 543px, 580px\" \/><figcaption class=\"wp-element-caption\">Bunte Eier<\/figcaption><\/figure>\n\n\n\n<figure class=\"wp-block-image size-large\"><img decoding=\"async\" loading=\"lazy\" width=\"768\" height=\"1024\" data-id=\"206\"  src=\"https:\/\/naturgut-hoevel.de\/wp-content\/uploads\/2023\/06\/QVOH3240-768x1024.jpg\" alt=\"\" class=\"wp-image-206\" srcset=\"https:\/\/naturgut-hoevel.de\/wp-content\/uploads\/2023\/06\/QVOH3240-768x1024.jpg 768w, https:\/\/naturgut-hoevel.de\/wp-content\/uploads\/2023\/06\/QVOH3240-225x300.jpg 225w, https:\/\/naturgut-hoevel.de\/wp-content\/uploads\/2023\/06\/QVOH3240-1152x1536.jpg 1152w, https:\/\/naturgut-hoevel.de\/wp-content\/uploads\/2023\/06\/QVOH3240.jpg 1200w\" sizes=\"(max-width: 767px) 89vw, (max-width: 1000px) 54vw, (max-width: 1071px) 543px, 580px\" \/><figcaption class=\"wp-element-caption\">Scharrbereich<\/figcaption><\/figure>\n\n\n\n<figure class=\"wp-block-image size-large\"><img decoding=\"async\" loading=\"lazy\" width=\"734\" height=\"1024\" data-id=\"208\"  src=\"https:\/\/naturgut-hoevel.de\/wp-content\/uploads\/2023\/06\/IMG_E5145-734x1024.jpg\" alt=\"\" class=\"wp-image-208\" srcset=\"https:\/\/naturgut-hoevel.de\/wp-content\/uploads\/2023\/06\/IMG_E5145-734x1024.jpg 734w, https:\/\/naturgut-hoevel.de\/wp-content\/uploads\/2023\/06\/IMG_E5145-215x300.jpg 215w, https:\/\/naturgut-hoevel.de\/wp-content\/uploads\/2023\/06\/IMG_E5145-768x1072.jpg 768w, https:\/\/naturgut-hoevel.de\/wp-content\/uploads\/2023\/06\/IMG_E5145-1100x1536.jpg 1100w, https:\/\/naturgut-hoevel.de\/wp-content\/uploads\/2023\/06\/IMG_E5145-1467x2048.jpg 1467w, https:\/\/naturgut-hoevel.de\/wp-content\/uploads\/2023\/06\/IMG_E5145-scaled.jpg 1834w\" sizes=\"(max-width: 734px) 100vw, 734px\" \/><figcaption class=\"wp-element-caption\">Pinoccio gibt alles<\/figcaption><\/figure>\n<\/figure>\n","protected":false},"excerpt":{"rendered":"<p>Hallo und willkommen beim H\u00f6veler H\u00fchnerhort von uns Hennen und H\u00e4hnen. Hier haben eine Vielzahl von uns H\u00fchnern ein Zuhause. Wir sind eine bunt gemixte Truppe und geh\u00f6ren verschiedener H\u00fchnerrassen an. (Marans, Schwedisches Blumenhuhn, Italiener, Cream Legbar, Araucana, Sussex, Sperber)Da das Tierwohl beim Naturgut H\u00f6vel ganz oben steht, leben wir Hennen und H\u00e4hne in einem &hellip; <\/p>\n<p class=\"link-more\"><a href=\"https:\/\/naturgut-hoevel.de\/?page_id=195\" class=\"more-link\"><span class=\"screen-reader-text\">\u201eH\u00fchnerparadies\u201c<\/span> weiterlesen<\/a><\/p>\n","protected":false},"author":1,"featured_media":0,"parent":0,"menu_order":0,"comment_status":"closed","ping_status":"closed","template":"","meta":[],"_links":{"self":[{"href":"https:\/\/naturgut-hoevel.de\/index.php?rest_route=\/wp\/v2\/pages\/195"}],"collection":[{"href":"https:\/\/naturgut-hoevel.de\/index.php?rest_route=\/wp\/v2\/pages"}],"about":[{"href":"https:\/\/naturgut-hoevel.de\/index.php?rest_route=\/wp\/v2\/types\/page"}],"author":[{"embeddable":true,"href":"https:\/\/naturgut-hoevel.de\/index.php?rest_route=\/wp\/v2\/users\/1"}],"replies":[{"embeddable":true,"href":"https:\/\/naturgut-hoevel.de\/index.php?rest_route=%2Fwp%2Fv2%2Fcomments&post=195"}],"version-history":[{"count":8,"href":"https:\/\/naturgut-hoevel.de\/index.php?rest_route=\/wp\/v2\/pages\/195\/revisions"}],"predecessor-version":[{"id":239,"href":"https:\/\/naturgut-hoevel.de\/index.php?rest_route=\/wp\/v2\/pages\/195\/revisions\/239"}],"wp:attachment":[{"href":"https:\/\/naturgut-hoevel.de\/index.php?rest_route=%2Fwp%2Fv2%2Fmedia&parent=195"}],"curies":[{"name":"wp","href":"https:\/\/api.w.org\/{rel}","templated":true}]}}