{"id":26,"date":"2023-05-10T18:06:28","date_gmt":"2023-05-10T18:06:28","guid":{"rendered":"https:\/\/naturgut-hoevel.de\/?page_id=26"},"modified":"2025-03-17T10:01:53","modified_gmt":"2025-03-17T10:01:53","slug":"anlage","status":"publish","type":"page","link":"https:\/\/naturgut-hoevel.de\/?page_id=26","title":{"rendered":"Anlage"},"content":{"rendered":"\n<p>Die Reitanlage befindet sich am Rande von Aegidienberg und hat somit die direkte Verbindung zu den traumhaften Ausreitwegen im Siebengebirge.<\/p>\n\n\n\n<p>Der Stall umfasst 15 Boxen (3,50m x 4m), zum Gro\u00dfteil mit Fenstern zum \u00d6ffnen. In der Nacht werden die Boxen genutzt, um auch eine individuelle F\u00fctterung zu erm\u00f6glichen. Tags\u00fcber werden die Pferde auf dem neuangelegtem Paddocktrail mit Zugang zu Raufutter, Wasser, Besch\u00e4ftigungsm\u00f6glichkeiten und den Weiden stehen. Wir bewirtschaften 14 ha Gr\u00fcnland, welches zur Heugewinnung und Beweidung genutzt wird.<\/p>\n\n\n\n<figure class=\"wp-block-gallery has-nested-images columns-default is-cropped wp-block-gallery-1 is-layout-flex\">\n<figure class=\"wp-block-image size-large is-style-rounded\"><img decoding=\"async\" loading=\"lazy\" width=\"1024\" height=\"682\" data-id=\"140\"  src=\"https:\/\/naturgut-hoevel.de\/wp-content\/uploads\/2023\/05\/DSC05849-2-1024x682.jpg\" alt=\"\" class=\"wp-image-140\" srcset=\"https:\/\/naturgut-hoevel.de\/wp-content\/uploads\/2023\/05\/DSC05849-2-1024x682.jpg 1024w, https:\/\/naturgut-hoevel.de\/wp-content\/uploads\/2023\/05\/DSC05849-2-300x200.jpg 300w, https:\/\/naturgut-hoevel.de\/wp-content\/uploads\/2023\/05\/DSC05849-2-768x511.jpg 768w, https:\/\/naturgut-hoevel.de\/wp-content\/uploads\/2023\/05\/DSC05849-2-1536x1022.jpg 1536w, https:\/\/naturgut-hoevel.de\/wp-content\/uploads\/2023\/05\/DSC05849-2-2048x1363.jpg 2048w\" sizes=\"(max-width: 767px) 89vw, (max-width: 1000px) 54vw, (max-width: 1071px) 543px, 580px\" \/><\/figure>\n\n\n\n<figure class=\"wp-block-image size-large is-style-rounded\"><img decoding=\"async\" loading=\"lazy\" width=\"1024\" height=\"682\" data-id=\"139\"  src=\"https:\/\/naturgut-hoevel.de\/wp-content\/uploads\/2023\/05\/DSC05852-2-1024x682.jpg\" alt=\"\" class=\"wp-image-139\" srcset=\"https:\/\/naturgut-hoevel.de\/wp-content\/uploads\/2023\/05\/DSC05852-2-1024x682.jpg 1024w, https:\/\/naturgut-hoevel.de\/wp-content\/uploads\/2023\/05\/DSC05852-2-300x200.jpg 300w, https:\/\/naturgut-hoevel.de\/wp-content\/uploads\/2023\/05\/DSC05852-2-768x511.jpg 768w, https:\/\/naturgut-hoevel.de\/wp-content\/uploads\/2023\/05\/DSC05852-2-1536x1022.jpg 1536w, https:\/\/naturgut-hoevel.de\/wp-content\/uploads\/2023\/05\/DSC05852-2-2048x1363.jpg 2048w\" sizes=\"(max-width: 767px) 89vw, (max-width: 1000px) 54vw, (max-width: 1071px) 543px, 580px\" \/><\/figure>\n\n\n\n<figure class=\"wp-block-image size-large is-style-rounded\"><img decoding=\"async\" loading=\"lazy\" width=\"1024\" height=\"682\" data-id=\"145\"  src=\"https:\/\/naturgut-hoevel.de\/wp-content\/uploads\/2023\/05\/DSC05789-2-1024x682.jpg\" alt=\"\" class=\"wp-image-145\" srcset=\"https:\/\/naturgut-hoevel.de\/wp-content\/uploads\/2023\/05\/DSC05789-2-1024x682.jpg 1024w, https:\/\/naturgut-hoevel.de\/wp-content\/uploads\/2023\/05\/DSC05789-2-300x200.jpg 300w, https:\/\/naturgut-hoevel.de\/wp-content\/uploads\/2023\/05\/DSC05789-2-768x511.jpg 768w, https:\/\/naturgut-hoevel.de\/wp-content\/uploads\/2023\/05\/DSC05789-2-1536x1022.jpg 1536w, https:\/\/naturgut-hoevel.de\/wp-content\/uploads\/2023\/05\/DSC05789-2-2048x1363.jpg 2048w\" sizes=\"(max-width: 767px) 89vw, (max-width: 1000px) 54vw, (max-width: 1071px) 543px, 580px\" \/><\/figure>\n<\/figure>\n\n\n\n<p>Des Weiteren geh\u00f6ren zur Anlage:<\/p>\n\n\n\n<ul>\n<li>Reithalle 16&#215;52 Meter<\/li>\n\n\n\n<li>Longierzirkel \/ round pen<\/li>\n\n\n\n<li>Solarium<\/li>\n\n\n\n<li>Waschplatz<\/li>\n\n\n\n<li>Beheiztes Reiterst\u00fcbchen<\/li>\n\n\n\n<li>Sattelkammer mit Sattelschr\u00e4nken<\/li>\n\n\n\n<li>Hindernis\/Galoppstrecke auf eigenem Grund<\/li>\n<\/ul>\n\n\n\n<figure class=\"wp-block-gallery has-nested-images columns-default is-cropped wp-block-gallery-3 is-layout-flex\">\n<figure class=\"wp-block-image size-large is-style-rounded\"><img decoding=\"async\" loading=\"lazy\" width=\"682\" height=\"1024\" data-id=\"142\"  src=\"https:\/\/naturgut-hoevel.de\/wp-content\/uploads\/2023\/05\/DSC05780-1-682x1024.jpg\" alt=\"\" class=\"wp-image-142\" srcset=\"https:\/\/naturgut-hoevel.de\/wp-content\/uploads\/2023\/05\/DSC05780-1-682x1024.jpg 682w, https:\/\/naturgut-hoevel.de\/wp-content\/uploads\/2023\/05\/DSC05780-1-200x300.jpg 200w, https:\/\/naturgut-hoevel.de\/wp-content\/uploads\/2023\/05\/DSC05780-1-768x1154.jpg 768w, https:\/\/naturgut-hoevel.de\/wp-content\/uploads\/2023\/05\/DSC05780-1-1022x1536.jpg 1022w, https:\/\/naturgut-hoevel.de\/wp-content\/uploads\/2023\/05\/DSC05780-1-1363x2048.jpg 1363w, https:\/\/naturgut-hoevel.de\/wp-content\/uploads\/2023\/05\/DSC05780-1-scaled.jpg 1704w\" sizes=\"(max-width: 682px) 100vw, 682px\" \/><\/figure>\n\n\n\n<figure class=\"wp-block-image size-large is-style-rounded\"><img decoding=\"async\" loading=\"lazy\" width=\"682\" height=\"1024\" data-id=\"146\"  src=\"https:\/\/naturgut-hoevel.de\/wp-content\/uploads\/2023\/05\/DSC05797-682x1024.jpg\" alt=\"\" class=\"wp-image-146\" srcset=\"https:\/\/naturgut-hoevel.de\/wp-content\/uploads\/2023\/05\/DSC05797-682x1024.jpg 682w, https:\/\/naturgut-hoevel.de\/wp-content\/uploads\/2023\/05\/DSC05797-200x300.jpg 200w, https:\/\/naturgut-hoevel.de\/wp-content\/uploads\/2023\/05\/DSC05797-768x1154.jpg 768w, https:\/\/naturgut-hoevel.de\/wp-content\/uploads\/2023\/05\/DSC05797-1022x1536.jpg 1022w, https:\/\/naturgut-hoevel.de\/wp-content\/uploads\/2023\/05\/DSC05797-1363x2048.jpg 1363w, https:\/\/naturgut-hoevel.de\/wp-content\/uploads\/2023\/05\/DSC05797-scaled.jpg 1704w\" sizes=\"(max-width: 682px) 100vw, 682px\" \/><\/figure>\n\n\n\n<figure class=\"wp-block-image size-large is-style-rounded\"><img decoding=\"async\" loading=\"lazy\" width=\"682\" height=\"1024\" data-id=\"143\"  src=\"https:\/\/naturgut-hoevel.de\/wp-content\/uploads\/2023\/05\/DSC05867-682x1024.jpg\" alt=\"\" class=\"wp-image-143\" srcset=\"https:\/\/naturgut-hoevel.de\/wp-content\/uploads\/2023\/05\/DSC05867-682x1024.jpg 682w, https:\/\/naturgut-hoevel.de\/wp-content\/uploads\/2023\/05\/DSC05867-200x300.jpg 200w, https:\/\/naturgut-hoevel.de\/wp-content\/uploads\/2023\/05\/DSC05867-768x1154.jpg 768w, https:\/\/naturgut-hoevel.de\/wp-content\/uploads\/2023\/05\/DSC05867-1022x1536.jpg 1022w, https:\/\/naturgut-hoevel.de\/wp-content\/uploads\/2023\/05\/DSC05867-1363x2048.jpg 1363w, https:\/\/naturgut-hoevel.de\/wp-content\/uploads\/2023\/05\/DSC05867-scaled.jpg 1704w\" sizes=\"(max-width: 682px) 100vw, 682px\" \/><\/figure>\n<\/figure>\n","protected":false},"excerpt":{"rendered":"<p>Die Reitanlage befindet sich am Rande von Aegidienberg und hat somit die direkte Verbindung zu den traumhaften Ausreitwegen im Siebengebirge. Der Stall umfasst 15 Boxen (3,50m x 4m), zum Gro\u00dfteil mit Fenstern zum \u00d6ffnen. In der Nacht werden die Boxen genutzt, um auch eine individuelle F\u00fctterung zu erm\u00f6glichen. Tags\u00fcber werden die Pferde auf dem neuangelegtem &hellip; <\/p>\n<p class=\"link-more\"><a href=\"https:\/\/naturgut-hoevel.de\/?page_id=26\" class=\"more-link\"><span class=\"screen-reader-text\">\u201eAnlage\u201c<\/span> weiterlesen<\/a><\/p>\n","protected":false},"author":1,"featured_media":52,"parent":0,"menu_order":0,"comment_status":"closed","ping_status":"closed","template":"","meta":[],"_links":{"self":[{"href":"https:\/\/naturgut-hoevel.de\/index.php?rest_route=\/wp\/v2\/pages\/26"}],"collection":[{"href":"https:\/\/naturgut-hoevel.de\/index.php?rest_route=\/wp\/v2\/pages"}],"about":[{"href":"https:\/\/naturgut-hoevel.de\/index.php?rest_route=\/wp\/v2\/types\/page"}],"author":[{"embeddable":true,"href":"https:\/\/naturgut-hoevel.de\/index.php?rest_route=\/wp\/v2\/users\/1"}],"replies":[{"embeddable":true,"href":"https:\/\/naturgut-hoevel.de\/index.php?rest_route=%2Fwp%2Fv2%2Fcomments&post=26"}],"version-history":[{"count":5,"href":"https:\/\/naturgut-hoevel.de\/index.php?rest_route=\/wp\/v2\/pages\/26\/revisions"}],"predecessor-version":[{"id":261,"href":"https:\/\/naturgut-hoevel.de\/index.php?rest_route=\/wp\/v2\/pages\/26\/revisions\/261"}],"wp:featuredmedia":[{"embeddable":true,"href":"https:\/\/naturgut-hoevel.de\/index.php?rest_route=\/wp\/v2\/media\/52"}],"wp:attachment":[{"href":"https:\/\/naturgut-hoevel.de\/index.php?rest_route=%2Fwp%2Fv2%2Fmedia&parent=26"}],"curies":[{"name":"wp","href":"https:\/\/api.w.org\/{rel}","templated":true}]}}