{"id":9,"date":"2023-05-10T18:06:28","date_gmt":"2023-05-10T18:06:28","guid":{"rendered":"https:\/\/naturgut-hoevel.de\/?page_id=9"},"modified":"2023-07-25T15:50:51","modified_gmt":"2023-07-25T15:50:51","slug":"startseite","status":"publish","type":"page","link":"https:\/\/naturgut-hoevel.de\/","title":{"rendered":"Unser Pferdepensionsstall im Siebengebirge!"},"content":{"rendered":"\n<p><strong>Willkommen auf unserer Seite. In idyllischer Lage nahe des Logebachs im Siebengebirge liegt unser Hof f\u00fcr Pferd, Huhn und <\/strong><strong>Naturliebhaber. <\/strong><\/p>\n\n\n\n<p>Unsere Reitanlage beeindruckt mit einem einzigartigen Ausreitgel\u00e4nde. Das Herzst\u00fcck der Anlage ist die gro\u00dfe Reithalle, sowie die Gel\u00e4nde-\/Hindernisstrecke auf dem eigenen Gel\u00e4nde, welche jedes Reiterherz h\u00f6herschlagen l\u00e4sst.<br>Als Betreiber des Naturgut H\u00f6vel leben wir \u2013 Deike und Marcel&nbsp;\u2013 direkt auf dem Hof. Jeden Tag arbeiten wir an unserem Traum, einer naturnahen, pferde- und reiterfreundlichen Anlage inklusive H\u00fchnerparadies, stets weiter.&nbsp;<\/p>\n\n\n\n<div class=\"wp-block-buttons is-content-justification-left is-layout-flex wp-container-1\">\n<div class=\"wp-block-button is-style-fill\"><a class=\"wp-block-button__link wp-element-button\" href=\"https:\/\/naturgut-hoevel.de\/?page_id=25\">Pensionsstall<\/a><\/div>\n\n\n\n<div class=\"wp-block-button is-style-fill\"><a class=\"wp-block-button__link wp-element-button\" href=\"\">Anlage<\/a><\/div>\n\n\n\n<div class=\"wp-block-button is-style-fill\"><a class=\"wp-block-button__link wp-element-button\">H\u00fchnerparadies<\/a><\/div>\n\n\n\n<div class=\"wp-block-button is-style-fill\"><a class=\"wp-block-button__link wp-element-button\" href=\"https:\/\/www.stall-frei.de\/stall\/nordrhein-westfalen\/bad-honnef\/150136\">Stall-Frei<\/a><\/div>\n<\/div>\n","protected":false},"excerpt":{"rendered":"<p>Willkommen auf unserer Seite. In idyllischer Lage nahe des Logebachs im Siebengebirge liegt unser Hof f\u00fcr Pferd, Huhn und Naturliebhaber. Unsere Reitanlage beeindruckt mit einem einzigartigen Ausreitgel\u00e4nde. Das Herzst\u00fcck der Anlage ist die gro\u00dfe Reithalle, sowie die Gel\u00e4nde-\/Hindernisstrecke auf dem eigenen Gel\u00e4nde, welche jedes Reiterherz h\u00f6herschlagen l\u00e4sst.Als Betreiber des Naturgut H\u00f6vel leben wir \u2013 Deike &hellip; <\/p>\n<p class=\"link-more\"><a href=\"https:\/\/naturgut-hoevel.de\/\" class=\"more-link\"><span class=\"screen-reader-text\">\u201eUnser Pferdepensionsstall im Siebengebirge!\u201c<\/span> weiterlesen<\/a><\/p>\n","protected":false},"author":1,"featured_media":0,"parent":0,"menu_order":0,"comment_status":"closed","ping_status":"closed","template":"","meta":[],"_links":{"self":[{"href":"https:\/\/naturgut-hoevel.de\/index.php?rest_route=\/wp\/v2\/pages\/9"}],"collection":[{"href":"https:\/\/naturgut-hoevel.de\/index.php?rest_route=\/wp\/v2\/pages"}],"about":[{"href":"https:\/\/naturgut-hoevel.de\/index.php?rest_route=\/wp\/v2\/types\/page"}],"author":[{"embeddable":true,"href":"https:\/\/naturgut-hoevel.de\/index.php?rest_route=\/wp\/v2\/users\/1"}],"replies":[{"embeddable":true,"href":"https:\/\/naturgut-hoevel.de\/index.php?rest_route=%2Fwp%2Fv2%2Fcomments&post=9"}],"version-history":[{"count":13,"href":"https:\/\/naturgut-hoevel.de\/index.php?rest_route=\/wp\/v2\/pages\/9\/revisions"}],"predecessor-version":[{"id":237,"href":"https:\/\/naturgut-hoevel.de\/index.php?rest_route=\/wp\/v2\/pages\/9\/revisions\/237"}],"wp:attachment":[{"href":"https:\/\/naturgut-hoevel.de\/index.php?rest_route=%2Fwp%2Fv2%2Fmedia&parent=9"}],"curies":[{"name":"wp","href":"https:\/\/api.w.org\/{rel}","templated":true}]}}